{"id":62,"date":"2016-02-26T15:10:37","date_gmt":"2016-02-26T13:10:37","guid":{"rendered":"http:\/\/www.erdoganozkaya.com.tr\/?page_id=62"},"modified":"2021-12-24T23:33:14","modified_gmt":"2021-12-24T20:33:14","slug":"iletisim","status":"publish","type":"page","link":"https:\/\/www.erdoganozkaya.com.tr\/index.php\/iletisim","title":{"rendered":"\u0130leti\u015fim"},"content":{"rendered":"<p><strong>\u0130leti\u015fim Bilgilerim,<\/strong><\/p>\n<hr \/>\n<p><strong>Telefon :\u00a0<\/strong><a href=\"ara:08503030700\">0 850 303 0 700<\/a><\/p>\n<p><strong>Skype:<\/strong> erdogan_ozkaya@hotmail.com<\/p>\n<p><strong>E-mail:\u00a0<\/strong><a href=\"mailto:erdogan@erdoganozkaya.com.tr\">erdogan@erdoganozkaya.com.tr<\/a><\/p>\n<hr \/>\n<p><strong>\u0130leti\u015fim Formu<\/strong><\/p>\n<div role=\"form\" class=\"wpcf7\" id=\"wpcf7-f121-o1\" lang=\"tr-TR\" dir=\"ltr\">\n<div class=\"screen-reader-response\"><p role=\"status\" aria-live=\"polite\" aria-atomic=\"true\"><\/p> <ul><\/ul><\/div>\n<form action=\"\/index.php\/wp-json\/wp\/v2\/pages\/62#wpcf7-f121-o1\" method=\"post\" class=\"wpcf7-form init\" enctype=\"multipart\/form-data\" novalidate=\"novalidate\" data-status=\"init\">\n<div style=\"display: none;\">\n<input type=\"hidden\" name=\"_wpcf7\" value=\"121\" \/>\n<input type=\"hidden\" name=\"_wpcf7_version\" value=\"5.4.2\" \/>\n<input type=\"hidden\" name=\"_wpcf7_locale\" value=\"tr_TR\" \/>\n<input type=\"hidden\" name=\"_wpcf7_unit_tag\" value=\"wpcf7-f121-o1\" \/>\n<input type=\"hidden\" name=\"_wpcf7_container_post\" value=\"0\" \/>\n<input type=\"hidden\" name=\"_wpcf7_posted_data_hash\" value=\"\" \/>\n<\/div>\n<p>Ad\u0131n\u0131z (gerekli)<br \/>\n    <span class=\"wpcf7-form-control-wrap your-name\"><input type=\"text\" name=\"your-name\" value=\"\" size=\"40\" class=\"wpcf7-form-control wpcf7-text wpcf7-validates-as-required\" aria-required=\"true\" aria-invalid=\"false\" \/><\/span> <\/p>\n<p>Konu<br \/>\n    <span class=\"wpcf7-form-control-wrap your-subject\"><input type=\"text\" name=\"your-subject\" value=\"\" size=\"40\" class=\"wpcf7-form-control wpcf7-text\" aria-invalid=\"false\" \/><\/span> <\/p>\n<p>\u0130letiniz<br \/>\n    <span class=\"wpcf7-form-control-wrap your-message\"><textarea name=\"your-message\" cols=\"40\" rows=\"10\" class=\"wpcf7-form-control wpcf7-textarea\" aria-invalid=\"false\"><\/textarea><\/span> <\/p>\n<p> <span class=\"wpcf7-form-control-wrap Dosya\"><input type=\"file\" name=\"Dosya\" size=\"40\" class=\"wpcf7-form-control wpcf7-file\" accept=\".rar,.jpg,.doc,.docx,.xls,.xlsx,.ppt,.pptx,.pdf\" aria-invalid=\"false\" \/><\/span><\/p>\n<p><input type=\"submit\" value=\"G\u00f6nder\" class=\"wpcf7-form-control wpcf7-submit\" \/><\/p>\n<div class=\"wpcf7-response-output\" aria-hidden=\"true\"><\/div><\/form><\/div>\n<p>&nbsp;<\/p>\n","protected":false},"excerpt":{"rendered":"<p>\u0130leti\u015fim Bilgilerim, Telefon :\u00a00 850 303 0 700 Skype: erdogan_ozkaya@hotmail.com E-mail:\u00a0erdogan@erdoganozkaya.com.tr \u0130leti\u015fim Formu &nbsp;<\/p>\n","protected":false},"author":1,"featured_media":0,"parent":0,"menu_order":0,"comment_status":"closed","ping_status":"closed","template":"","meta":[],"_links":{"self":[{"href":"https:\/\/www.erdoganozkaya.com.tr\/index.php\/wp-json\/wp\/v2\/pages\/62"}],"collection":[{"href":"https:\/\/www.erdoganozkaya.com.tr\/index.php\/wp-json\/wp\/v2\/pages"}],"about":[{"href":"https:\/\/www.erdoganozkaya.com.tr\/index.php\/wp-json\/wp\/v2\/types\/page"}],"author":[{"embeddable":true,"href":"https:\/\/www.erdoganozkaya.com.tr\/index.php\/wp-json\/wp\/v2\/users\/1"}],"replies":[{"embeddable":true,"href":"https:\/\/www.erdoganozkaya.com.tr\/index.php\/wp-json\/wp\/v2\/comments?post=62"}],"version-history":[{"count":7,"href":"https:\/\/www.erdoganozkaya.com.tr\/index.php\/wp-json\/wp\/v2\/pages\/62\/revisions"}],"predecessor-version":[{"id":1687,"href":"https:\/\/www.erdoganozkaya.com.tr\/index.php\/wp-json\/wp\/v2\/pages\/62\/revisions\/1687"}],"wp:attachment":[{"href":"https:\/\/www.erdoganozkaya.com.tr\/index.php\/wp-json\/wp\/v2\/media?parent=62"}],"curies":[{"name":"wp","href":"https:\/\/api.w.org\/{rel}","templated":true}]}}