{"id":368,"date":"2018-02-26T15:12:39","date_gmt":"2018-02-26T13:12:39","guid":{"rendered":"http:\/\/www.erdoganozkaya.com.tr\/?page_id=368"},"modified":"2018-02-26T15:12:39","modified_gmt":"2018-02-26T13:12:39","slug":"satinalama-takip-otomasyonu","status":"publish","type":"page","link":"https:\/\/www.erdoganozkaya.com.tr\/index.php\/satinalama-takip-otomasyonu","title":{"rendered":"Sat\u0131nalama Takip Otomasyonu"},"content":{"rendered":"<p>Sat\u0131nalma departman\u0131 ve tedarik\u00e7i otomasyonu ile, tedarik\u00e7ileriniz a\u00e7t\u0131\u011f\u0131n\u0131z ihalelere h\u0131zl\u0131ca teklif verebilir sistem \u00fczerinden teklifleri de\u011ferlendirip sat\u0131nalma s\u00fcrecini h\u0131zl\u0131 ve verimli bir \u015fekilde y\u00f6netebilirsiniz.<\/p>\n","protected":false},"excerpt":{"rendered":"<p>Sat\u0131nalma departman\u0131 ve tedarik\u00e7i otomasyonu ile, tedarik\u00e7ileriniz a\u00e7t\u0131\u011f\u0131n\u0131z ihalelere h\u0131zl\u0131ca teklif verebilir sistem \u00fczerinden teklifleri de\u011ferlendirip sat\u0131nalma s\u00fcrecini h\u0131zl\u0131 ve verimli bir \u015fekilde y\u00f6netebilirsiniz.<\/p>\n","protected":false},"author":1,"featured_media":369,"parent":0,"menu_order":0,"comment_status":"closed","ping_status":"closed","template":"","meta":[],"_links":{"self":[{"href":"https:\/\/www.erdoganozkaya.com.tr\/index.php\/wp-json\/wp\/v2\/pages\/368"}],"collection":[{"href":"https:\/\/www.erdoganozkaya.com.tr\/index.php\/wp-json\/wp\/v2\/pages"}],"about":[{"href":"https:\/\/www.erdoganozkaya.com.tr\/index.php\/wp-json\/wp\/v2\/types\/page"}],"author":[{"embeddable":true,"href":"https:\/\/www.erdoganozkaya.com.tr\/index.php\/wp-json\/wp\/v2\/users\/1"}],"replies":[{"embeddable":true,"href":"https:\/\/www.erdoganozkaya.com.tr\/index.php\/wp-json\/wp\/v2\/comments?post=368"}],"version-history":[{"count":1,"href":"https:\/\/www.erdoganozkaya.com.tr\/index.php\/wp-json\/wp\/v2\/pages\/368\/revisions"}],"predecessor-version":[{"id":370,"href":"https:\/\/www.erdoganozkaya.com.tr\/index.php\/wp-json\/wp\/v2\/pages\/368\/revisions\/370"}],"wp:featuredmedia":[{"embeddable":true,"href":"https:\/\/www.erdoganozkaya.com.tr\/index.php\/wp-json\/wp\/v2\/media\/369"}],"wp:attachment":[{"href":"https:\/\/www.erdoganozkaya.com.tr\/index.php\/wp-json\/wp\/v2\/media?parent=368"}],"curies":[{"name":"wp","href":"https:\/\/api.w.org\/{rel}","templated":true}]}}